{"id":1570,"date":"2021-03-04T15:06:45","date_gmt":"2021-03-04T14:06:45","guid":{"rendered":"http:\/\/mgi-bpo.hu\/company-history\/"},"modified":"2021-04-28T14:43:33","modified_gmt":"2021-04-28T12:43:33","slug":"who-we-are","status":"publish","type":"page","link":"https:\/\/mgi-bpo.hu\/en\/who-we-are\/","title":{"rendered":"Who we are"},"content":{"rendered":"<section>\n<article>\n<div class=\"wysiwygText\">\n<img loading=\"lazy\" decoding=\"async\" class=\"aligncenter wp-image-2497\" src=\"http:\/\/mgi-bpo.hu\/wp-content\/uploads\/2021\/01\/about-us\/who-we-are-500x281.png\" alt=\"\" width=\"658\" height=\"370\" srcset=\"https:\/\/mgi-bpo.hu\/wp-content\/uploads\/2021\/01\/about-us\/who-we-are-500x281.png 500w, https:\/\/mgi-bpo.hu\/wp-content\/uploads\/2021\/01\/about-us\/who-we-are-1440x810.png 1440w, https:\/\/mgi-bpo.hu\/wp-content\/uploads\/2021\/01\/about-us\/who-we-are-768x432.png 768w, https:\/\/mgi-bpo.hu\/wp-content\/uploads\/2021\/01\/about-us\/who-we-are-1536x864.png 1536w, https:\/\/mgi-bpo.hu\/wp-content\/uploads\/2021\/01\/about-us\/who-we-are.png 1920w\" sizes=\"auto, (max-width: 658px) 100vw, 658px\" \/>\n<p>BPO partners from left to right: Ildik\u00f3 Miszori \u2013 audit services, Szilvia Sarkadi-Nagy \u2013 accounting and payroll accounting services, L\u00e1szl\u00f3 Killik \u2013 auditing and accounting services<\/p>\n<p>With more than forty staff members we are small enough to provide customized services, but large enough to create value for our Clients.<\/p>\n<h2>Two companies, one team<\/h2>\n<p>At BPO, everyone works to ensure that our Clients are successful and achieve their business goals. For our staff members, we strive to create a secure, professionally exciting value-based workplace.<\/p>\n<img loading=\"lazy\" decoding=\"async\" class=\"aligncenter wp-image-2518\" src=\"http:\/\/mgi-bpo.hu\/wp-content\/uploads\/2021\/03\/who-we-are\/the-team-500x281.png\" alt=\"\" width=\"695\" height=\"391\" srcset=\"https:\/\/mgi-bpo.hu\/wp-content\/uploads\/2021\/03\/who-we-are\/the-team-500x281.png 500w, https:\/\/mgi-bpo.hu\/wp-content\/uploads\/2021\/03\/who-we-are\/the-team-1440x810.png 1440w, https:\/\/mgi-bpo.hu\/wp-content\/uploads\/2021\/03\/who-we-are\/the-team-768x432.png 768w, https:\/\/mgi-bpo.hu\/wp-content\/uploads\/2021\/03\/who-we-are\/the-team-1536x864.png 1536w, https:\/\/mgi-bpo.hu\/wp-content\/uploads\/2021\/03\/who-we-are\/the-team.png 1920w\" sizes=\"auto, (max-width: 695px) 100vw, 695px\" \/>\n<h2>BPO and our MGI Worldwide membership<\/h2>\n<img loading=\"lazy\" decoding=\"async\" class=\"alignleft wp-image-1830\" src=\"http:\/\/mgi-bpo.hu\/wp-content\/uploads\/2021\/03\/konyvvizsgalo\/image-1-500x145.png\" alt=\"\" width=\"303\" height=\"88\" srcset=\"https:\/\/mgi-bpo.hu\/wp-content\/uploads\/2021\/03\/konyvvizsgalo\/image-1-500x145.png 500w, https:\/\/mgi-bpo.hu\/wp-content\/uploads\/2021\/03\/konyvvizsgalo\/image-1-1440x418.png 1440w, https:\/\/mgi-bpo.hu\/wp-content\/uploads\/2021\/03\/konyvvizsgalo\/image-1-768x223.png 768w, https:\/\/mgi-bpo.hu\/wp-content\/uploads\/2021\/03\/konyvvizsgalo\/image-1-1536x446.png 1536w, https:\/\/mgi-bpo.hu\/wp-content\/uploads\/2021\/03\/konyvvizsgalo\/image-1-2048x594.png 2048w\" sizes=\"auto, (max-width: 303px) 100vw, 303px\" \/>\n<p>&nbsp;<\/p>\n<p>&nbsp;<\/p>\n<p>&nbsp;<\/p>\n<p>In 2005, we joined the MGI Worldwide international network of accounting, auditing, and tax firms. Since then, we have been involved in several international projects, which has created plenty of opportunities for both our Clients and our staff members.<\/p>\n<h2>Technology is part of our lives<\/h2>\n<p>We have been preparing for years to go paperless in our office because we also believed that technology would improve our working conditions as well. Perhaps this also allowed all our staff members to work from home during the COVID pandemic. In addition to the latest Office package, our professional software also uses the latest technologies.<\/p>\n<img loading=\"lazy\" decoding=\"async\" class=\"alignleft wp-image-2148\" src=\"http:\/\/mgi-bpo.hu\/wp-content\/uploads\/2021\/03\/mgi-bpo\/ho-technilogia-375x500.jpg\" alt=\"\" width=\"332\" height=\"443\" srcset=\"https:\/\/mgi-bpo.hu\/wp-content\/uploads\/2021\/03\/mgi-bpo\/ho-technilogia-375x500.jpg 375w, https:\/\/mgi-bpo.hu\/wp-content\/uploads\/2021\/03\/mgi-bpo\/ho-technilogia-1080x1440.jpg 1080w, https:\/\/mgi-bpo.hu\/wp-content\/uploads\/2021\/03\/mgi-bpo\/ho-technilogia-768x1024.jpg 768w, https:\/\/mgi-bpo.hu\/wp-content\/uploads\/2021\/03\/mgi-bpo\/ho-technilogia-1152x1536.jpg 1152w, https:\/\/mgi-bpo.hu\/wp-content\/uploads\/2021\/03\/mgi-bpo\/ho-technilogia-1536x2048.jpg 1536w, https:\/\/mgi-bpo.hu\/wp-content\/uploads\/2021\/03\/mgi-bpo\/ho-technilogia-scaled.jpg 1920w\" sizes=\"auto, (max-width: 332px) 100vw, 332px\" \/>\n<h2><\/h2>\n<h2><\/h2>\n<h2><\/h2>\n<h2><\/h2>\n<h2><\/h2>\n<h2><\/h2>\n<h2><\/h2>\n<h2><\/h2>\n<h2><\/h2>\n<h2><\/h2>\n<h2><\/h2>\n<h2>Thanks for the recognitions!<\/h2>\n<\/div>\n<\/article>\n<\/section>\n<section>\n<article>\n<div class=\"wysiwygText\">\n<img loading=\"lazy\" decoding=\"async\" class=\"alignleft wp-image-2251\" src=\"http:\/\/mgi-bpo.hu\/wp-content\/uploads\/2021\/03\/bpo\/szeretheto-munkahely.png\" alt=\"\" width=\"171\" height=\"160\" \/>\n<img loading=\"lazy\" decoding=\"async\" class=\"alignleft wp-image-2499\" src=\"http:\/\/mgi-bpo.hu\/wp-content\/uploads\/2021\/01\/about-us\/csaladbarat-logo-kozepesvallalat-2018-press-500x421.jpg\" alt=\"\" width=\"170\" height=\"143\" srcset=\"https:\/\/mgi-bpo.hu\/wp-content\/uploads\/2021\/01\/about-us\/csaladbarat-logo-kozepesvallalat-2018-press-500x421.jpg 500w, https:\/\/mgi-bpo.hu\/wp-content\/uploads\/2021\/01\/about-us\/csaladbarat-logo-kozepesvallalat-2018-press.jpg 724w\" sizes=\"auto, (max-width: 170px) 100vw, 170px\" \/>\n<p>&nbsp;<\/p>\n<p>&nbsp;<\/p>\n<p>&nbsp;<\/p>\n<p>&nbsp;<\/p>\n<p>&nbsp;<\/p>\n<p>We work had to create an attractive and professionally meaningful workplace. These aspirations are also recognized by others.<\/p>\n<p>We have been awarded the title of Family-Friendly Company several times, but in 2018 we received the Family-Friendly Company of the Year award. We have also received the title of lovable workplace and responsible employer many times.<\/p>\n<h2>We carry the good reputation of our profession<\/h2>\n<p>We believe that you choose a nice and secure profession if you study to be an accountant, an auditor, a payroll accountant, or a tax consultant. To help young people make a responsible decision, we regularly go to high schools, where we also give a little insight into our profession.<\/p>\n<h2>We are responsible for our community<\/h2>\n<p>If we can, we will help. Every year, we embrace at least one project that we think requires special attention in the current economic and social situation. In 2020, following the outbreak of the COVID-19 pandemic, we offered laptops, office furniture and office supplies to elementary and high schools, such as <a href=\"http:\/\/www.szinyeigimibp.hu\/index.php\/hirek\/1031-2020-10-27-07-58-42?monat=2\">Szinyei Merse P\u00e1l Gimn\u00e1zium<\/a>.<\/p>\n<img loading=\"lazy\" decoding=\"async\" class=\" wp-image-2143 aligncenter\" src=\"http:\/\/mgi-bpo.hu\/wp-content\/uploads\/2021\/03\/mgi-bpo-cegtortenet\/kik-vagyunk-masolata-masolata-500x281.png\" alt=\"\" width=\"672\" height=\"378\" srcset=\"https:\/\/mgi-bpo.hu\/wp-content\/uploads\/2021\/03\/mgi-bpo-cegtortenet\/kik-vagyunk-masolata-masolata-500x281.png 500w, https:\/\/mgi-bpo.hu\/wp-content\/uploads\/2021\/03\/mgi-bpo-cegtortenet\/kik-vagyunk-masolata-masolata-1440x810.png 1440w, https:\/\/mgi-bpo.hu\/wp-content\/uploads\/2021\/03\/mgi-bpo-cegtortenet\/kik-vagyunk-masolata-masolata-768x432.png 768w, https:\/\/mgi-bpo.hu\/wp-content\/uploads\/2021\/03\/mgi-bpo-cegtortenet\/kik-vagyunk-masolata-masolata-1536x864.png 1536w, https:\/\/mgi-bpo.hu\/wp-content\/uploads\/2021\/03\/mgi-bpo-cegtortenet\/kik-vagyunk-masolata-masolata.png 1920w\" sizes=\"auto, (max-width: 672px) 100vw, 672px\" \/>\n<h2>Environmental protection and sustainability are important to us<\/h2>\n<p>We believe that we can do something for our environment even as an office, which is why we minimized using paper in the office years ago and have now almost completely stopped it. Of course, we collect garbage selectively and do everything we can to put as less pressure on the environment as possible.<\/p>\n<img loading=\"lazy\" decoding=\"async\" class=\"alignleft wp-image-2505\" src=\"http:\/\/mgi-bpo.hu\/wp-content\/uploads\/2021\/01\/about-us\/leftover-food-and-everything-else-500x354.png\" alt=\"\" width=\"201\" height=\"142\" srcset=\"https:\/\/mgi-bpo.hu\/wp-content\/uploads\/2021\/01\/about-us\/leftover-food-and-everything-else-500x354.png 500w, https:\/\/mgi-bpo.hu\/wp-content\/uploads\/2021\/01\/about-us\/leftover-food-and-everything-else-1440x1018.png 1440w, https:\/\/mgi-bpo.hu\/wp-content\/uploads\/2021\/01\/about-us\/leftover-food-and-everything-else-768x543.png 768w, https:\/\/mgi-bpo.hu\/wp-content\/uploads\/2021\/01\/about-us\/leftover-food-and-everything-else-1536x1086.png 1536w, https:\/\/mgi-bpo.hu\/wp-content\/uploads\/2021\/01\/about-us\/leftover-food-and-everything-else.png 2000w\" sizes=\"auto, (max-width: 201px) 100vw, 201px\" \/> <img loading=\"lazy\" decoding=\"async\" class=\"alignleft wp-image-2503\" src=\"http:\/\/mgi-bpo.hu\/wp-content\/uploads\/2021\/01\/about-us\/paper-500x354.png\" alt=\"\" width=\"198\" height=\"140\" srcset=\"https:\/\/mgi-bpo.hu\/wp-content\/uploads\/2021\/01\/about-us\/paper-500x354.png 500w, https:\/\/mgi-bpo.hu\/wp-content\/uploads\/2021\/01\/about-us\/paper-1440x1018.png 1440w, https:\/\/mgi-bpo.hu\/wp-content\/uploads\/2021\/01\/about-us\/paper-768x543.png 768w, https:\/\/mgi-bpo.hu\/wp-content\/uploads\/2021\/01\/about-us\/paper-1536x1086.png 1536w, https:\/\/mgi-bpo.hu\/wp-content\/uploads\/2021\/01\/about-us\/paper.png 2000w\" sizes=\"auto, (max-width: 198px) 100vw, 198px\" \/> <img loading=\"lazy\" decoding=\"async\" class=\"alignleft wp-image-2501\" src=\"http:\/\/mgi-bpo.hu\/wp-content\/uploads\/2021\/01\/about-us\/plastic-500x354.png\" alt=\"\" width=\"192\" height=\"136\" srcset=\"https:\/\/mgi-bpo.hu\/wp-content\/uploads\/2021\/01\/about-us\/plastic-500x354.png 500w, https:\/\/mgi-bpo.hu\/wp-content\/uploads\/2021\/01\/about-us\/plastic-1440x1018.png 1440w, https:\/\/mgi-bpo.hu\/wp-content\/uploads\/2021\/01\/about-us\/plastic-768x543.png 768w, https:\/\/mgi-bpo.hu\/wp-content\/uploads\/2021\/01\/about-us\/plastic-1536x1086.png 1536w, https:\/\/mgi-bpo.hu\/wp-content\/uploads\/2021\/01\/about-us\/plastic.png 2000w\" sizes=\"auto, (max-width: 192px) 100vw, 192px\" \/>\n<p>&nbsp;<\/p>\n<p>&nbsp;<\/p>\n<p>&nbsp;<\/p>\n<p>&nbsp;<\/p>\n<p>&nbsp;<\/p>\n<p><strong>We provide our services through the following companies:<\/strong><\/p>\n<p><strong>BPO-TAX Ad\u00f3 \u00e9s K\u00f6nyvviteli Szolg\u00e1ltat\u00f3 Kft.\u00a0<\/strong><br \/>\nManaging director: Szilvia Sarkadi-Nagy<br \/>\nTax number: 13127033-2-42<br \/>\nAccounting, payroll accounting, labor and tax advisory services (operational)<\/p>\n<p><strong>BPO-AUDIT K\u00f6nyvvizsg\u00e1l\u00f3 \u00e9s Vezet\u00e9si Tan\u00e1csad\u00f3 Kft.<\/strong><br \/>\nManaging director: lldik\u00f3 Miszori, L\u00e1szl\u00f3 Killik<br \/>\nTax number: 13314664-2-42<br \/>\nAuditing and tax advisory services<\/p>\n<\/div>\n<\/article>\n<\/section>\n","protected":false},"excerpt":{"rendered":"<p>BPO partners from left to right: Ildik\u00f3 Miszori \u2013 audit services, Szilvia Sarkadi-Nagy \u2013 accounting and payroll accounting services, L\u00e1szl\u00f3 Killik \u2013 auditing and accounting services With more than forty<\/p>\n","protected":false},"author":1,"featured_media":0,"parent":0,"menu_order":0,"comment_status":"closed","ping_status":"closed","template":"","meta":{"footnotes":""},"class_list":["post-1570","page","type-page","status-publish","hentry"],"yoast_head":"<!-- This site is optimized with the Yoast SEO plugin v25.9 - https:\/\/yoast.com\/wordpress\/plugins\/seo\/ -->\n<title>Who we are - MGI-BPO<\/title>\n<meta name=\"robots\" content=\"index, follow, max-snippet:-1, max-image-preview:large, max-video-preview:-1\" \/>\n<link rel=\"canonical\" href=\"https:\/\/mgi-bpo.hu\/en\/who-we-are\/\" \/>\n<meta property=\"og:locale\" content=\"en_US\" \/>\n<meta property=\"og:type\" content=\"article\" \/>\n<meta property=\"og:title\" content=\"Who we are - MGI-BPO\" \/>\n<meta property=\"og:description\" content=\"BPO partners from left to right: Ildik\u00f3 Miszori \u2013 audit services, Szilvia Sarkadi-Nagy \u2013 accounting and payroll accounting services, L\u00e1szl\u00f3 Killik \u2013 auditing and accounting services With more than forty\" \/>\n<meta property=\"og:url\" content=\"https:\/\/mgi-bpo.hu\/en\/who-we-are\/\" \/>\n<meta property=\"og:site_name\" content=\"MGI-BPO\" \/>\n<meta property=\"article:modified_time\" content=\"2021-04-28T12:43:33+00:00\" \/>\n<meta property=\"og:image\" content=\"http:\/\/mgi-bpo.hu\/wp-content\/uploads\/2021\/01\/about-us\/who-we-are-500x281.png\" \/>\n<meta name=\"twitter:card\" content=\"summary_large_image\" \/>\n<meta name=\"twitter:label1\" content=\"Est. reading time\" \/>\n\t<meta name=\"twitter:data1\" content=\"5 minutes\" \/>\n<script type=\"application\/ld+json\" class=\"yoast-schema-graph\">{\"@context\":\"https:\/\/schema.org\",\"@graph\":[{\"@type\":\"WebPage\",\"@id\":\"https:\/\/mgi-bpo.hu\/en\/who-we-are\/\",\"url\":\"https:\/\/mgi-bpo.hu\/en\/who-we-are\/\",\"name\":\"Who we are - MGI-BPO\",\"isPartOf\":{\"@id\":\"https:\/\/mgi-bpo.hu\/en\/#website\"},\"primaryImageOfPage\":{\"@id\":\"https:\/\/mgi-bpo.hu\/en\/who-we-are\/#primaryimage\"},\"image\":{\"@id\":\"https:\/\/mgi-bpo.hu\/en\/who-we-are\/#primaryimage\"},\"thumbnailUrl\":\"http:\/\/mgi-bpo.hu\/wp-content\/uploads\/2021\/01\/about-us\/who-we-are-500x281.png\",\"datePublished\":\"2021-03-04T14:06:45+00:00\",\"dateModified\":\"2021-04-28T12:43:33+00:00\",\"breadcrumb\":{\"@id\":\"https:\/\/mgi-bpo.hu\/en\/who-we-are\/#breadcrumb\"},\"inLanguage\":\"en-US\",\"potentialAction\":[{\"@type\":\"ReadAction\",\"target\":[\"https:\/\/mgi-bpo.hu\/en\/who-we-are\/\"]}]},{\"@type\":\"ImageObject\",\"inLanguage\":\"en-US\",\"@id\":\"https:\/\/mgi-bpo.hu\/en\/who-we-are\/#primaryimage\",\"url\":\"http:\/\/mgi-bpo.hu\/wp-content\/uploads\/2021\/01\/about-us\/who-we-are-500x281.png\",\"contentUrl\":\"http:\/\/mgi-bpo.hu\/wp-content\/uploads\/2021\/01\/about-us\/who-we-are-500x281.png\"},{\"@type\":\"BreadcrumbList\",\"@id\":\"https:\/\/mgi-bpo.hu\/en\/who-we-are\/#breadcrumb\",\"itemListElement\":[{\"@type\":\"ListItem\",\"position\":1,\"name\":\"Home\",\"item\":\"https:\/\/mgi-bpo.hu\/en\/\"},{\"@type\":\"ListItem\",\"position\":2,\"name\":\"Who we are\"}]},{\"@type\":\"WebSite\",\"@id\":\"https:\/\/mgi-bpo.hu\/en\/#website\",\"url\":\"https:\/\/mgi-bpo.hu\/en\/\",\"name\":\"MGI-BPO\",\"description\":\"\",\"potentialAction\":[{\"@type\":\"SearchAction\",\"target\":{\"@type\":\"EntryPoint\",\"urlTemplate\":\"https:\/\/mgi-bpo.hu\/en\/?s={search_term_string}\"},\"query-input\":{\"@type\":\"PropertyValueSpecification\",\"valueRequired\":true,\"valueName\":\"search_term_string\"}}],\"inLanguage\":\"en-US\"}]}<\/script>\n<!-- \/ Yoast SEO plugin. -->","yoast_head_json":{"title":"Who we are - MGI-BPO","robots":{"index":"index","follow":"follow","max-snippet":"max-snippet:-1","max-image-preview":"max-image-preview:large","max-video-preview":"max-video-preview:-1"},"canonical":"https:\/\/mgi-bpo.hu\/en\/who-we-are\/","og_locale":"en_US","og_type":"article","og_title":"Who we are - MGI-BPO","og_description":"BPO partners from left to right: Ildik\u00f3 Miszori \u2013 audit services, Szilvia Sarkadi-Nagy \u2013 accounting and payroll accounting services, L\u00e1szl\u00f3 Killik \u2013 auditing and accounting services With more than forty","og_url":"https:\/\/mgi-bpo.hu\/en\/who-we-are\/","og_site_name":"MGI-BPO","article_modified_time":"2021-04-28T12:43:33+00:00","og_image":[{"url":"http:\/\/mgi-bpo.hu\/wp-content\/uploads\/2021\/01\/about-us\/who-we-are-500x281.png","type":"","width":"","height":""}],"twitter_card":"summary_large_image","twitter_misc":{"Est. reading time":"5 minutes"},"schema":{"@context":"https:\/\/schema.org","@graph":[{"@type":"WebPage","@id":"https:\/\/mgi-bpo.hu\/en\/who-we-are\/","url":"https:\/\/mgi-bpo.hu\/en\/who-we-are\/","name":"Who we are - MGI-BPO","isPartOf":{"@id":"https:\/\/mgi-bpo.hu\/en\/#website"},"primaryImageOfPage":{"@id":"https:\/\/mgi-bpo.hu\/en\/who-we-are\/#primaryimage"},"image":{"@id":"https:\/\/mgi-bpo.hu\/en\/who-we-are\/#primaryimage"},"thumbnailUrl":"http:\/\/mgi-bpo.hu\/wp-content\/uploads\/2021\/01\/about-us\/who-we-are-500x281.png","datePublished":"2021-03-04T14:06:45+00:00","dateModified":"2021-04-28T12:43:33+00:00","breadcrumb":{"@id":"https:\/\/mgi-bpo.hu\/en\/who-we-are\/#breadcrumb"},"inLanguage":"en-US","potentialAction":[{"@type":"ReadAction","target":["https:\/\/mgi-bpo.hu\/en\/who-we-are\/"]}]},{"@type":"ImageObject","inLanguage":"en-US","@id":"https:\/\/mgi-bpo.hu\/en\/who-we-are\/#primaryimage","url":"http:\/\/mgi-bpo.hu\/wp-content\/uploads\/2021\/01\/about-us\/who-we-are-500x281.png","contentUrl":"http:\/\/mgi-bpo.hu\/wp-content\/uploads\/2021\/01\/about-us\/who-we-are-500x281.png"},{"@type":"BreadcrumbList","@id":"https:\/\/mgi-bpo.hu\/en\/who-we-are\/#breadcrumb","itemListElement":[{"@type":"ListItem","position":1,"name":"Home","item":"https:\/\/mgi-bpo.hu\/en\/"},{"@type":"ListItem","position":2,"name":"Who we are"}]},{"@type":"WebSite","@id":"https:\/\/mgi-bpo.hu\/en\/#website","url":"https:\/\/mgi-bpo.hu\/en\/","name":"MGI-BPO","description":"","potentialAction":[{"@type":"SearchAction","target":{"@type":"EntryPoint","urlTemplate":"https:\/\/mgi-bpo.hu\/en\/?s={search_term_string}"},"query-input":{"@type":"PropertyValueSpecification","valueRequired":true,"valueName":"search_term_string"}}],"inLanguage":"en-US"}]}},"_links":{"self":[{"href":"https:\/\/mgi-bpo.hu\/en\/wp-json\/wp\/v2\/pages\/1570","targetHints":{"allow":["GET"]}}],"collection":[{"href":"https:\/\/mgi-bpo.hu\/en\/wp-json\/wp\/v2\/pages"}],"about":[{"href":"https:\/\/mgi-bpo.hu\/en\/wp-json\/wp\/v2\/types\/page"}],"author":[{"embeddable":true,"href":"https:\/\/mgi-bpo.hu\/en\/wp-json\/wp\/v2\/users\/1"}],"replies":[{"embeddable":true,"href":"https:\/\/mgi-bpo.hu\/en\/wp-json\/wp\/v2\/comments?post=1570"}],"version-history":[{"count":0,"href":"https:\/\/mgi-bpo.hu\/en\/wp-json\/wp\/v2\/pages\/1570\/revisions"}],"wp:attachment":[{"href":"https:\/\/mgi-bpo.hu\/en\/wp-json\/wp\/v2\/media?parent=1570"}],"curies":[{"name":"wp","href":"https:\/\/api.w.org\/{rel}","templated":true}]}}